{"id":2,"date":"2010-10-16T00:33:41","date_gmt":"2010-10-16T00:33:41","guid":{"rendered":"http:\/\/it-news-blog.com\/?page_id=2"},"modified":"2025-11-11T02:27:09","modified_gmt":"2025-11-11T00:27:09","slug":"eine-seite","status":"publish","type":"page","link":"https:\/\/it-news-blog.com\/?page_id=2","title":{"rendered":"Impressum"},"content":{"rendered":"<p>[vc_row][vc_column][vc_empty_space height=&#8220;60&#8243;][vc_single_image image=&#8220;1420&#8243; img_size=&#8220;full&#8220; alignment=&#8220;right&#8220;][vc_empty_space height=&#8220;40&#8243;][\/vc_column][\/vc_row][vc_row][vc_column width=&#8220;1\/4&#8243;][vc_column_text]<\/p>\n<h3 style=\"text-align: left;\"><span style=\"color: #026198;\">IMPRESSUM<\/span><\/h3>\n<p>[\/vc_column_text][\/vc_column][vc_column width=&#8220;1\/2&#8243;][vc_column_text]<span style=\"color: #026198;\"><strong>tec4net GmbH<\/strong><\/span><br \/>\n<span style=\"color: #026198;\">Lohenstra\u00dfe 13<\/span><br \/>\n<span style=\"color: #026198;\">82166 Gr\u00e4felfing<\/span><\/p>\n<p>T +49 89 54 04 36 30<br \/>\nF +49 89 54 04 36 31<br \/>\ninfo@tec4net.com<\/p>\n<hr \/>\n<p>Registergericht: Amtsgericht M\u00fcnchen HR B Nr.: 222513<br \/>\nUmsatzsteuer-Identifikationsnummer: DE 303854053<br \/>\nUPIK D-U-N-S Nr.: 313600003<\/p>\n<p>Gesch\u00e4ftsf\u00fchrer: Herr Matthias Walter<\/p>\n<p>Gesch\u00e4ftszeiten: Mo. bis Fr. 9.00 bis 17.00 Uhr<br \/>\nBitte vereinbaren Sie in jedem Fall einen Termin mit uns.<\/p>\n<p>Betriebs- und Berufshaftpflichtversicherung:<br \/>\nVersicherungskammer Bayern, Maximilianstra\u00dfe 53, 80530 M\u00fcnchen<br \/>\nR\u00e4umliche Geltung: Europa<\/p>\n<p>Verantwortlich f\u00fcr den Inhalt nach \u00a7 18 Abs. 2 MStV: Matthias Walter[\/vc_column_text][\/vc_column][vc_column width=&#8220;1\/4&#8243;][vc_single_image image=&#8220;1431&#8243; alignment=&#8220;right&#8220;][\/vc_column][\/vc_row][vc_row][vc_column width=&#8220;1\/4&#8243;][vc_column_text]<\/p>\n<h3 style=\"text-align: left;\"><span style=\"color: #026198;\">HAFTUNG &amp; RECHT<\/span><\/h3>\n<p>[\/vc_column_text][\/vc_column][vc_column width=&#8220;1\/2&#8243;][vc_column_text]Die folgenden Bedingungen gelten f\u00fcr die Nutzung unserer Webseite verbindlich.<\/p>\n<p>Hiermit widersprechen wir ausdr\u00fccklich der Erhebung und Verarbeitung unserer Adress- und Kontaktdaten, zu Zwecken der Zusendung unverlangter Werbe- und Informationsmaterialien in jeglicher Form.<\/p>\n<p>Die Informationen, Daten und sonstige Inhalte unserer Website unterliegen dem Urheberrecht und sind markenrechtlich gesch\u00fctzt. Die Vervielf\u00e4ltigung und Verbreitung dieser Website oder einzelner Teile (z.B. Grafiken oder Textpassagen) ist untersagt.<\/p>\n<p>Es ist jedermann gestattet, mittels Link auf unsere Website zu verweisen. Dem Betreiber ist jedoch das Recht vorbehalten, vom Widerruf dieser Erlaubnis Gebrauch zu machen. Zudem ist die Darstellung dieser Website in einem Frame untersagt.<\/p>\n<p>Der Betreiber kann nach den gesetzlichen Bestimmungen f\u00fcr die Inhalte dieser Website haftbar gemacht werden. Er hat jedoch keine Gew\u00e4hrleistungspflicht bez\u00fcglich der Vollst\u00e4ndigkeit und Richtigkeit der Informationen und Inhalte, die auf dieser Website verf\u00fcgbar sind.<\/p>\n<p>Auf unserer Website f\u00fchren Links zu externen Webseiten Dritter, die wir inhaltlich nicht beeinflussen k\u00f6nnen. Daher ist auch der jeweilige Anbieter oder Betreiber der Seite f\u00fcr die Inhalte der verlinkten Website verantwortlich. Zum Zeitpunkt der Verlinkung wurden die verlinkten Seiten auf m\u00f6gliche Rechtsverst\u00f6\u00dfe hin \u00fcberpr\u00fcft. Rechtswidrige Inhalte waren hierbei f\u00fcr uns nicht erkennbar. Sollte sich dieser Umstand \u00e4ndern und uns eine Rechtsverletzung bekannt werden, werden wir die jeweilige Verlinkung umgehend entfernen.<\/p>\n<p>Bei Zustandekommen eines Vertragsverh\u00e4ltnisses zwischen Betreiber und Nutzer findet auf diese vertragliche Beziehung das Recht der Bundesrepublik Deutschland Anwendung. Ausgeschlossen von dieser Rechtswahl sind die zwingenden Verbraucherschutzvorschriften des Landes, in dem der Kunde seinen prim\u00e4ren Aufenthalt hat. Sollte der Nutzer die Verletzung von Immaterialg\u00fcterrecht geltend machen, wird diese Rechtswahl ebenfalls ausgehebelt. Die Anwendung des UN-Kaufrechts ist ausgeschlossen.<\/p>\n<p>Der Sitz des Betreibers gilt als Gerichtsstand f\u00fcr jedwede Streitigkeit, die im Zusammenhang mit der Nutzung der Website steht, wenn es sich bei dem Nutzer um einen Kaufmann, eine juristische Person des \u00f6ffentlichen Rechts oder ein \u00f6ffentlich-rechtliches Sonderverm\u00f6gen handelt.[\/vc_column_text][\/vc_column][vc_column width=&#8220;1\/4&#8243;][\/vc_column][\/vc_row]<\/p>\n","protected":false},"excerpt":{"rendered":"<p>[vc_row][vc_column][vc_empty_space height=&#8220;60&#8243;][vc_single_image image=&#8220;1420&#8243; img_size=&#8220;full&#8220; alignment=&#8220;right&#8220;][vc_empty_space height=&#8220;40&#8243;][\/vc_column][\/vc_row][vc_row][vc_column width=&#8220;1\/4&#8243;][vc_column_text] IMPRESSUM [\/vc_column_text][\/vc_column][vc_column width=&#8220;1\/2&#8243;][vc_column_text]tec4net GmbH Lohenstra\u00dfe 13 82166 Gr\u00e4felfing T +49 89 54 04 36 30 F +49 89 54 04 36 31 info@tec4net.com Registergericht: Amtsgericht M\u00fcnchen HR B Nr.: 222513 Umsatzsteuer-Identifikationsnummer: DE 303854053 UPIK D-U-N-S Nr.: 313600003 Gesch\u00e4ftsf\u00fchrer: Herr Matthias Walter Gesch\u00e4ftszeiten: Mo. [&hellip;]<\/p>\n","protected":false},"author":1,"featured_media":0,"parent":0,"menu_order":0,"comment_status":"closed","ping_status":"closed","template":"","meta":[],"yoast_head":"<!-- This site is optimized with the Yoast SEO plugin v21.7 - https:\/\/yoast.com\/wordpress\/plugins\/seo\/ -->\n<title>Impressum - IT-NEWS-BLOG<\/title>\n<meta name=\"robots\" content=\"index, follow, max-snippet:-1, max-image-preview:large, max-video-preview:-1\" \/>\n<link rel=\"canonical\" href=\"https:\/\/it-news-blog.com\/?page_id=2\" \/>\n<meta property=\"og:locale\" content=\"de_DE\" \/>\n<meta property=\"og:type\" content=\"article\" \/>\n<meta property=\"og:title\" content=\"Impressum - IT-NEWS-BLOG\" \/>\n<meta property=\"og:description\" content=\"[vc_row][vc_column][vc_empty_space height=&#8220;60&#8243;][vc_single_image image=&#8220;1420&#8243; img_size=&#8220;full&#8220; alignment=&#8220;right&#8220;][vc_empty_space height=&#8220;40&#8243;][\/vc_column][\/vc_row][vc_row][vc_column width=&#8220;1\/4&#8243;][vc_column_text] IMPRESSUM [\/vc_column_text][\/vc_column][vc_column width=&#8220;1\/2&#8243;][vc_column_text]tec4net GmbH Lohenstra\u00dfe 13 82166 Gr\u00e4felfing T +49 89 54 04 36 30 F +49 89 54 04 36 31 info@tec4net.com Registergericht: Amtsgericht M\u00fcnchen HR B Nr.: 222513 Umsatzsteuer-Identifikationsnummer: DE 303854053 UPIK D-U-N-S Nr.: 313600003 Gesch\u00e4ftsf\u00fchrer: Herr Matthias Walter Gesch\u00e4ftszeiten: Mo. [&hellip;]\" \/>\n<meta property=\"og:url\" content=\"https:\/\/it-news-blog.com\/?page_id=2\" \/>\n<meta property=\"og:site_name\" content=\"IT-NEWS-BLOG\" \/>\n<meta property=\"article:modified_time\" content=\"2025-11-11T00:27:09+00:00\" \/>\n<meta name=\"twitter:card\" content=\"summary_large_image\" \/>\n<meta name=\"twitter:label1\" content=\"Gesch\u00e4tzte Lesezeit\" \/>\n\t<meta name=\"twitter:data1\" content=\"3\u00a0Minuten\" \/>\n<script type=\"application\/ld+json\" class=\"yoast-schema-graph\">{\"@context\":\"https:\/\/schema.org\",\"@graph\":[{\"@type\":\"WebPage\",\"@id\":\"https:\/\/it-news-blog.com\/?page_id=2\",\"url\":\"https:\/\/it-news-blog.com\/?page_id=2\",\"name\":\"Impressum - IT-NEWS-BLOG\",\"isPartOf\":{\"@id\":\"https:\/\/it-news-blog.com\/#website\"},\"datePublished\":\"2010-10-16T00:33:41+00:00\",\"dateModified\":\"2025-11-11T00:27:09+00:00\",\"breadcrumb\":{\"@id\":\"https:\/\/it-news-blog.com\/?page_id=2#breadcrumb\"},\"inLanguage\":\"de\",\"potentialAction\":[{\"@type\":\"ReadAction\",\"target\":[\"https:\/\/it-news-blog.com\/?page_id=2\"]}]},{\"@type\":\"BreadcrumbList\",\"@id\":\"https:\/\/it-news-blog.com\/?page_id=2#breadcrumb\",\"itemListElement\":[{\"@type\":\"ListItem\",\"position\":1,\"name\":\"Startseite\",\"item\":\"https:\/\/it-news-blog.com\/\"},{\"@type\":\"ListItem\",\"position\":2,\"name\":\"Impressum\"}]},{\"@type\":\"WebSite\",\"@id\":\"https:\/\/it-news-blog.com\/#website\",\"url\":\"https:\/\/it-news-blog.com\/\",\"name\":\"IT-NEWS-BLOG\",\"description\":\"Ein Service der tec4net GmbH\",\"potentialAction\":[{\"@type\":\"SearchAction\",\"target\":{\"@type\":\"EntryPoint\",\"urlTemplate\":\"https:\/\/it-news-blog.com\/?s={search_term_string}\"},\"query-input\":\"required name=search_term_string\"}],\"inLanguage\":\"de\"}]}<\/script>\n<!-- \/ Yoast SEO plugin. -->","yoast_head_json":{"title":"Impressum - IT-NEWS-BLOG","robots":{"index":"index","follow":"follow","max-snippet":"max-snippet:-1","max-image-preview":"max-image-preview:large","max-video-preview":"max-video-preview:-1"},"canonical":"https:\/\/it-news-blog.com\/?page_id=2","og_locale":"de_DE","og_type":"article","og_title":"Impressum - IT-NEWS-BLOG","og_description":"[vc_row][vc_column][vc_empty_space height=&#8220;60&#8243;][vc_single_image image=&#8220;1420&#8243; img_size=&#8220;full&#8220; alignment=&#8220;right&#8220;][vc_empty_space height=&#8220;40&#8243;][\/vc_column][\/vc_row][vc_row][vc_column width=&#8220;1\/4&#8243;][vc_column_text] IMPRESSUM [\/vc_column_text][\/vc_column][vc_column width=&#8220;1\/2&#8243;][vc_column_text]tec4net GmbH Lohenstra\u00dfe 13 82166 Gr\u00e4felfing T +49 89 54 04 36 30 F +49 89 54 04 36 31 info@tec4net.com Registergericht: Amtsgericht M\u00fcnchen HR B Nr.: 222513 Umsatzsteuer-Identifikationsnummer: DE 303854053 UPIK D-U-N-S Nr.: 313600003 Gesch\u00e4ftsf\u00fchrer: Herr Matthias Walter Gesch\u00e4ftszeiten: Mo. [&hellip;]","og_url":"https:\/\/it-news-blog.com\/?page_id=2","og_site_name":"IT-NEWS-BLOG","article_modified_time":"2025-11-11T00:27:09+00:00","twitter_card":"summary_large_image","twitter_misc":{"Gesch\u00e4tzte Lesezeit":"3\u00a0Minuten"},"schema":{"@context":"https:\/\/schema.org","@graph":[{"@type":"WebPage","@id":"https:\/\/it-news-blog.com\/?page_id=2","url":"https:\/\/it-news-blog.com\/?page_id=2","name":"Impressum - IT-NEWS-BLOG","isPartOf":{"@id":"https:\/\/it-news-blog.com\/#website"},"datePublished":"2010-10-16T00:33:41+00:00","dateModified":"2025-11-11T00:27:09+00:00","breadcrumb":{"@id":"https:\/\/it-news-blog.com\/?page_id=2#breadcrumb"},"inLanguage":"de","potentialAction":[{"@type":"ReadAction","target":["https:\/\/it-news-blog.com\/?page_id=2"]}]},{"@type":"BreadcrumbList","@id":"https:\/\/it-news-blog.com\/?page_id=2#breadcrumb","itemListElement":[{"@type":"ListItem","position":1,"name":"Startseite","item":"https:\/\/it-news-blog.com\/"},{"@type":"ListItem","position":2,"name":"Impressum"}]},{"@type":"WebSite","@id":"https:\/\/it-news-blog.com\/#website","url":"https:\/\/it-news-blog.com\/","name":"IT-NEWS-BLOG","description":"Ein Service der tec4net GmbH","potentialAction":[{"@type":"SearchAction","target":{"@type":"EntryPoint","urlTemplate":"https:\/\/it-news-blog.com\/?s={search_term_string}"},"query-input":"required name=search_term_string"}],"inLanguage":"de"}]}},"_links":{"self":[{"href":"https:\/\/it-news-blog.com\/index.php?rest_route=\/wp\/v2\/pages\/2"}],"collection":[{"href":"https:\/\/it-news-blog.com\/index.php?rest_route=\/wp\/v2\/pages"}],"about":[{"href":"https:\/\/it-news-blog.com\/index.php?rest_route=\/wp\/v2\/types\/page"}],"author":[{"embeddable":true,"href":"https:\/\/it-news-blog.com\/index.php?rest_route=\/wp\/v2\/users\/1"}],"replies":[{"embeddable":true,"href":"https:\/\/it-news-blog.com\/index.php?rest_route=%2Fwp%2Fv2%2Fcomments&post=2"}],"version-history":[{"count":29,"href":"https:\/\/it-news-blog.com\/index.php?rest_route=\/wp\/v2\/pages\/2\/revisions"}],"predecessor-version":[{"id":3346,"href":"https:\/\/it-news-blog.com\/index.php?rest_route=\/wp\/v2\/pages\/2\/revisions\/3346"}],"wp:attachment":[{"href":"https:\/\/it-news-blog.com\/index.php?rest_route=%2Fwp%2Fv2%2Fmedia&parent=2"}],"curies":[{"name":"wp","href":"https:\/\/api.w.org\/{rel}","templated":true}]}}