{"id":34,"date":"2010-10-16T05:41:01","date_gmt":"2010-10-16T03:41:01","guid":{"rendered":"http:\/\/it-news-blog.com\/?page_id=34"},"modified":"2019-05-05T15:51:33","modified_gmt":"2019-05-05T13:51:33","slug":"datenschutzerklarung","status":"publish","type":"page","link":"https:\/\/it-news-blog.com\/?page_id=34","title":{"rendered":"Datenschutzerkl\u00e4rung"},"content":{"rendered":"<p>[vc_row][vc_column][vc_empty_space height=&#8220;60&#8243;][vc_single_image image=&#8220;1420&#8243; img_size=&#8220;full&#8220;][vc_empty_space height=&#8220;40&#8243;][\/vc_column][\/vc_row][vc_row][vc_column width=&#8220;1\/4&#8243;][vc_column_text]<\/p>\n<h3 style=\"text-align: left;\"><span style=\"color: #026198;\">DATENSCHUTZ-<br \/>\nERKL\u00c4RUNG<br \/>\n<\/span><\/h3>\n<p>[\/vc_column_text][\/vc_column][vc_column width=&#8220;3\/4&#8243;][vc_column_text]Die tec4net GmbH, Lohenstra\ufb02e 13, 82166 Gr\u00e4felfing erhebt und verarbeitet Ihre personenbezogenen Daten entsprechend der gesetzlichen Datenschutzvorschriften sowie dieser Datenschutzerkl\u00e4rung. Im Folgenden informieren wir Sie \u00fcber Art, Umfang und Zweck der Erhebung sowie \u00fcber die Verwendung personenbezogener Daten.<\/p>\n<p><strong>Server-Logdateien<\/strong><br \/>\nBeim Zugriff auf unsere Webseite \u00fcbermittelt Ihr Internet-Browser aus technischen Gr\u00fcnden automatisch Daten an unseren Webserver. In diesem Zusammenhang werden unter anderem das Datum und die Uhrzeit des Zugriffs, die URL der verweisenden Webseite, die angeforderte Datei, die Menge der \u00fcbertragenen Daten, der Browsertyp und dessen Version, das Betriebssystem des zugreifenden Rechners sowie dessen IP-Adresse protokolliert. Diese Daten werden getrennt von anderen Daten, die Sie im Rahmen der Nutzung unseres Webangebotes eingeben, gespeichert. Die aus technischen Gr\u00fcnden \u00fcbermittelten Daten werden ausschlie\ufb02lich zu statistischen Zwecken ausgewertet und im Anschluss gel\u00f6scht. Eine Zuordnung dieser Daten zu einer bestimmten Person ist uns nicht m\u00f6glich und findet nicht statt.<\/p>\n<p><strong>Bestandsdaten<\/strong><br \/>\nSofern zwischen Ihnen und uns ein Vertragsverh\u00e4ltnis begr\u00fcndet, inhaltlich ausgestaltet oder ge\u00e4ndert werden soll, erheben und verarbeiten wir Ihre personenbezogenen Daten, soweit dies zur Erf\u00fcllung der vorgenannten Zwecke erforderlich ist. Eine Weitergabe der Daten an Dritte oder die Verarbeitung dieser Daten au\ufb02erhalb des Europ\u00e4ischen Wirtschaftsraums (EWR) ist uns nur unter Beachtung der einschl\u00e4gigen datenschutzrechtlichen Bestimmungen der EU gestattet. Alle hieraus resultierenden Vorgaben und Ma\ufb02nahmen werden in solchen F\u00e4llen durch uns oder m\u00f6gliche beteiligte Dritte beachtet und eingehalten.<\/p>\n<p><strong>Nutzungsdaten<\/strong><br \/>\nUm die Inanspruchnahme unseres Internetangebotes zu erm\u00f6glichen oder um eventuell kostenpflichtige Angebote abzurechnen, erheben und verarbeiten wir personenbezogene Daten, soweit dies hierf\u00fcr erforderlich ist. In diesem Zusammenhang werden Merkmale zur Identifikation des Nutzers, Angaben zu Beginn und Ende der Nutzung sowie deren Umfang erfasst. F\u00fcr Zwecke der Werbung, der Marktforschung und zur bedarfsgerechten Gestaltung unseres Internetangebotes d\u00fcrfen wir bei Verwendung von Pseudonymen Nutzungsprofile erstellen. Sie haben das Recht, dieser Verwendung Ihrer Daten zu widersprechen. Die Nutzungsprofile d\u00fcrfen und werden wir nicht mit Daten \u00fcber den Tr\u00e4ger des Pseudonyms zusammenf\u00fchren.<\/p>\n<p><strong>Datenherausgabe<\/strong><br \/>\nIm Falle der Anordnung durch eine berechtigte Stelle d\u00fcrfen und m\u00fcssen wir im Einzelfall Auskunft \u00fcber die vorbezeichneten Daten erteilen. Diese Ausnahme tritt in Kraft, wenn dies f\u00fcr Zwecke der Strafverfolgung, der Gefahrenabwehr, zur Erf\u00fcllung gesetzlicher Aufgaben der Verfassungsschutzbeh\u00f6rden oder des Milit\u00e4rischen Abschirmdienstes sowie zur Durchsetzung der Anspr\u00fcche von Rechteinhabern erforderlich ist.<\/p>\n<p><strong>Sicherheit der Verarbeitung<\/strong><br \/>\nZum Schutz Ihrer personenbezogenen Daten und zur Gew\u00e4hrleistung der IT-Sicherheit haben wir angemessene technische und organisatorische Ma\ufb02nahmen umgesetzt. Diese Ma\ufb02nahmen werden regelm\u00e4\ufb02ig auf Ihre Wirksamkeit hin \u00fcberpr\u00fcft und mit dem Stand der Technik abgeglichen.<\/p>\n<p><strong>Cookies<\/strong><br \/>\nUm den Funktionsumfang unserer Webseite zu verbessern und die Nutzung komfortabler zu gestalten, setzen wir Cookies ein. Cookies k\u00f6nnen beim Aufruf unserer Webseite Informationen auf Ihrem Rechner speichern. Das Abspeichern von Cookies auf dem zugreifenden Endger\u00e4t kann durch entsprechende Einstellungen im Browser verhindert werden. Hierdurch k\u00f6nnte allerdings der Funktionsumfang unseres Angebotes eingeschr\u00e4nkt werden. Die meisten der von uns verwendeten Cookies sind technische, so genannte \u00d1Session-Cookies\u00ec. Diese werden beim Verlassen unserer Webseite automatisch gel\u00f6scht. Andere Cookies bleiben auf Ihrem Endger\u00e4t gespeichert, bis Sie diese selbst l\u00f6schen. Cookies erm\u00f6glichen es uns, den Browser bei einem erneuten Aufruf unserer Webseite wiederzuerkennen.<\/p>\n<p><strong>Verlinkungen zu Sozialen Medien<\/strong><br \/>\nSoziale Medien sind Webseiten die es Nutzern erm\u00f6glichen, sich mit anderen Nutzern auszutauschen und mediale Inhalte einzeln oder in Gemeinschaft zu erstellen. Hierbei werden \u00fcblicherweise personenbezogene Daten durch den Nutzer selbst oder den Dienstanbieter ver\u00f6ffentlicht, erhoben und verarbeitet. Auf unserer Webseite sind Verlinkungen zu Sozialen Medien wie Facebook, Twitter oder LinkedIn enthalten und in Form von kleinen Logo-Buttons anklickbar. Nach dem Anklicken eines solchen Buttons, werden Sie auf die Webseite des jeweiligen Anbieters weitergeleitet. Bereits beim \u00f7ffnen solcher Webseite k\u00f6nnen Nutzerinformationen an den jeweiligen Anbieter \u00fcbertragen werden. Informationen zum Umgang mit Ihren personenbezogenen Daten bei Nutzung dieser Webseiten, entnehmen Sie bitte den jeweiligen Datenschutzbestimmungen der Anbieter.<\/p>\n<p><strong>Betroffenenrechte<\/strong><br \/>\nAls Betroffener haben Sie das Recht, von uns Auskunft \u00fcber die zu Ihrer Person gespeicherten Daten und deren Herkunft zu verlangen. Auf Ihr Verlangen kann die Auskunft auch elektronisch erteilt werden. Weiter haben Sie das Recht, die Berichtigung sowie die L\u00f6schung bzw. Sperrung der zu Ihrer Person gespeicherten Daten zu verlangen. Vom Betroffenen erteilte Einwilligungen z.B. in den Versand von Newslettern und zur dauerhaften Speicherung der eigenen personenbezogenen Daten k\u00f6nnen jederzeit wiederrufen werden. Die Nichtbeachtung der Betroffenenrechte stellt einen Versto\ufb02 gegen die datenschutzrechtlichen Bestimmungen dar und kann durch die Aufsichtsbeh\u00f6rde sanktioniert werden. Betroffene haben ein Beschwerderecht bei der zust\u00e4ndigen Aufsichtsbeh\u00f6rde.<\/p>\n<p><strong>Datenl\u00f6schung<\/strong><br \/>\nWir l\u00f6schen Daten nach Zweckentfall unter Beachtung von L\u00f6schfristen und der Betroffenenrechte, sofern dem kein berechtigtes Interesse unsererseits oder eine andere gesetzliche Regelung zur l\u00e4ngeren Aufbewahrung entgegensteht.<\/p>\n<p><strong>Datenschutzanfragen<\/strong><br \/>\nBitte wenden Sie sich in allen datenschutzrechtlichen Belangen an unseren Ansprechpartner f\u00fcr den Datenschutz dsb@tec4net.com.<\/p>\n<p><strong>Ansprechpartner f\u00fcr den Datenschutz<\/strong><br \/>\ntec4net GmbH, Herr Matthias Walter, Lohenstra\ufb02e 13, 82166 Gr\u00e4felfing | T. +49 89 54 04 36 30 | www.tec4net.com<\/p>\n<p><strong>Zust\u00e4ndige Datenschutzaufsichtsbeh\u00f6rde<\/strong><br \/>\nBayerisches Landesamt f\u00fcr Datenschutzaufsicht, Promenade 27, 91522 Ansbach | T. +49 981 531300| <a href=\"http:\/\/www.lda.bayern.de\" target=\"_blank\" rel=\"noopener noreferrer\">http:\/\/www.lda.bayern.de<\/a>[\/vc_column_text][\/vc_column][\/vc_row]<\/p>\n","protected":false},"excerpt":{"rendered":"<p>[vc_row][vc_column][vc_empty_space height=&#8220;60&#8243;][vc_single_image image=&#8220;1420&#8243; img_size=&#8220;full&#8220;][vc_empty_space height=&#8220;40&#8243;][\/vc_column][\/vc_row][vc_row][vc_column width=&#8220;1\/4&#8243;][vc_column_text] DATENSCHUTZ- ERKL\u00c4RUNG [\/vc_column_text][\/vc_column][vc_column width=&#8220;3\/4&#8243;][vc_column_text]Die tec4net GmbH, Lohenstra\ufb02e 13, 82166 Gr\u00e4felfing erhebt und verarbeitet Ihre personenbezogenen Daten entsprechend der gesetzlichen Datenschutzvorschriften sowie dieser Datenschutzerkl\u00e4rung. Im Folgenden informieren wir Sie \u00fcber Art, Umfang und Zweck der Erhebung sowie \u00fcber die Verwendung personenbezogener Daten. Server-Logdateien Beim Zugriff [&hellip;]<\/p>\n","protected":false},"author":1,"featured_media":0,"parent":0,"menu_order":0,"comment_status":"closed","ping_status":"closed","template":"","meta":[],"yoast_head":"<!-- This site is optimized with the Yoast SEO plugin v21.7 - https:\/\/yoast.com\/wordpress\/plugins\/seo\/ -->\n<title>Datenschutzerkl\u00e4rung - IT-NEWS-BLOG<\/title>\n<meta name=\"robots\" content=\"index, follow, max-snippet:-1, max-image-preview:large, max-video-preview:-1\" \/>\n<link rel=\"canonical\" href=\"https:\/\/it-news-blog.com\/?page_id=34\" \/>\n<meta property=\"og:locale\" content=\"de_DE\" \/>\n<meta property=\"og:type\" content=\"article\" \/>\n<meta property=\"og:title\" content=\"Datenschutzerkl\u00e4rung - IT-NEWS-BLOG\" \/>\n<meta property=\"og:description\" content=\"[vc_row][vc_column][vc_empty_space height=&#8220;60&#8243;][vc_single_image image=&#8220;1420&#8243; img_size=&#8220;full&#8220;][vc_empty_space height=&#8220;40&#8243;][\/vc_column][\/vc_row][vc_row][vc_column width=&#8220;1\/4&#8243;][vc_column_text] DATENSCHUTZ- ERKL\u00c4RUNG [\/vc_column_text][\/vc_column][vc_column width=&#8220;3\/4&#8243;][vc_column_text]Die tec4net GmbH, Lohenstra\ufb02e 13, 82166 Gr\u00e4felfing erhebt und verarbeitet Ihre personenbezogenen Daten entsprechend der gesetzlichen Datenschutzvorschriften sowie dieser Datenschutzerkl\u00e4rung. Im Folgenden informieren wir Sie \u00fcber Art, Umfang und Zweck der Erhebung sowie \u00fcber die Verwendung personenbezogener Daten. Server-Logdateien Beim Zugriff [&hellip;]\" \/>\n<meta property=\"og:url\" content=\"https:\/\/it-news-blog.com\/?page_id=34\" \/>\n<meta property=\"og:site_name\" content=\"IT-NEWS-BLOG\" \/>\n<meta property=\"article:modified_time\" content=\"2019-05-05T13:51:33+00:00\" \/>\n<meta name=\"twitter:card\" content=\"summary_large_image\" \/>\n<meta name=\"twitter:label1\" content=\"Gesch\u00e4tzte Lesezeit\" \/>\n\t<meta name=\"twitter:data1\" content=\"5\u00a0Minuten\" \/>\n<script type=\"application\/ld+json\" class=\"yoast-schema-graph\">{\"@context\":\"https:\/\/schema.org\",\"@graph\":[{\"@type\":\"WebPage\",\"@id\":\"https:\/\/it-news-blog.com\/?page_id=34\",\"url\":\"https:\/\/it-news-blog.com\/?page_id=34\",\"name\":\"Datenschutzerkl\u00e4rung - IT-NEWS-BLOG\",\"isPartOf\":{\"@id\":\"https:\/\/it-news-blog.com\/#website\"},\"datePublished\":\"2010-10-16T03:41:01+00:00\",\"dateModified\":\"2019-05-05T13:51:33+00:00\",\"breadcrumb\":{\"@id\":\"https:\/\/it-news-blog.com\/?page_id=34#breadcrumb\"},\"inLanguage\":\"de\",\"potentialAction\":[{\"@type\":\"ReadAction\",\"target\":[\"https:\/\/it-news-blog.com\/?page_id=34\"]}]},{\"@type\":\"BreadcrumbList\",\"@id\":\"https:\/\/it-news-blog.com\/?page_id=34#breadcrumb\",\"itemListElement\":[{\"@type\":\"ListItem\",\"position\":1,\"name\":\"Startseite\",\"item\":\"https:\/\/it-news-blog.com\/\"},{\"@type\":\"ListItem\",\"position\":2,\"name\":\"Datenschutzerkl\u00e4rung\"}]},{\"@type\":\"WebSite\",\"@id\":\"https:\/\/it-news-blog.com\/#website\",\"url\":\"https:\/\/it-news-blog.com\/\",\"name\":\"IT-NEWS-BLOG\",\"description\":\"Ein Service der tec4net GmbH\",\"potentialAction\":[{\"@type\":\"SearchAction\",\"target\":{\"@type\":\"EntryPoint\",\"urlTemplate\":\"https:\/\/it-news-blog.com\/?s={search_term_string}\"},\"query-input\":\"required name=search_term_string\"}],\"inLanguage\":\"de\"}]}<\/script>\n<!-- \/ Yoast SEO plugin. -->","yoast_head_json":{"title":"Datenschutzerkl\u00e4rung - IT-NEWS-BLOG","robots":{"index":"index","follow":"follow","max-snippet":"max-snippet:-1","max-image-preview":"max-image-preview:large","max-video-preview":"max-video-preview:-1"},"canonical":"https:\/\/it-news-blog.com\/?page_id=34","og_locale":"de_DE","og_type":"article","og_title":"Datenschutzerkl\u00e4rung - IT-NEWS-BLOG","og_description":"[vc_row][vc_column][vc_empty_space height=&#8220;60&#8243;][vc_single_image image=&#8220;1420&#8243; img_size=&#8220;full&#8220;][vc_empty_space height=&#8220;40&#8243;][\/vc_column][\/vc_row][vc_row][vc_column width=&#8220;1\/4&#8243;][vc_column_text] DATENSCHUTZ- ERKL\u00c4RUNG [\/vc_column_text][\/vc_column][vc_column width=&#8220;3\/4&#8243;][vc_column_text]Die tec4net GmbH, Lohenstra\ufb02e 13, 82166 Gr\u00e4felfing erhebt und verarbeitet Ihre personenbezogenen Daten entsprechend der gesetzlichen Datenschutzvorschriften sowie dieser Datenschutzerkl\u00e4rung. Im Folgenden informieren wir Sie \u00fcber Art, Umfang und Zweck der Erhebung sowie \u00fcber die Verwendung personenbezogener Daten. Server-Logdateien Beim Zugriff [&hellip;]","og_url":"https:\/\/it-news-blog.com\/?page_id=34","og_site_name":"IT-NEWS-BLOG","article_modified_time":"2019-05-05T13:51:33+00:00","twitter_card":"summary_large_image","twitter_misc":{"Gesch\u00e4tzte Lesezeit":"5\u00a0Minuten"},"schema":{"@context":"https:\/\/schema.org","@graph":[{"@type":"WebPage","@id":"https:\/\/it-news-blog.com\/?page_id=34","url":"https:\/\/it-news-blog.com\/?page_id=34","name":"Datenschutzerkl\u00e4rung - IT-NEWS-BLOG","isPartOf":{"@id":"https:\/\/it-news-blog.com\/#website"},"datePublished":"2010-10-16T03:41:01+00:00","dateModified":"2019-05-05T13:51:33+00:00","breadcrumb":{"@id":"https:\/\/it-news-blog.com\/?page_id=34#breadcrumb"},"inLanguage":"de","potentialAction":[{"@type":"ReadAction","target":["https:\/\/it-news-blog.com\/?page_id=34"]}]},{"@type":"BreadcrumbList","@id":"https:\/\/it-news-blog.com\/?page_id=34#breadcrumb","itemListElement":[{"@type":"ListItem","position":1,"name":"Startseite","item":"https:\/\/it-news-blog.com\/"},{"@type":"ListItem","position":2,"name":"Datenschutzerkl\u00e4rung"}]},{"@type":"WebSite","@id":"https:\/\/it-news-blog.com\/#website","url":"https:\/\/it-news-blog.com\/","name":"IT-NEWS-BLOG","description":"Ein Service der tec4net GmbH","potentialAction":[{"@type":"SearchAction","target":{"@type":"EntryPoint","urlTemplate":"https:\/\/it-news-blog.com\/?s={search_term_string}"},"query-input":"required name=search_term_string"}],"inLanguage":"de"}]}},"_links":{"self":[{"href":"https:\/\/it-news-blog.com\/index.php?rest_route=\/wp\/v2\/pages\/34"}],"collection":[{"href":"https:\/\/it-news-blog.com\/index.php?rest_route=\/wp\/v2\/pages"}],"about":[{"href":"https:\/\/it-news-blog.com\/index.php?rest_route=\/wp\/v2\/types\/page"}],"author":[{"embeddable":true,"href":"https:\/\/it-news-blog.com\/index.php?rest_route=\/wp\/v2\/users\/1"}],"replies":[{"embeddable":true,"href":"https:\/\/it-news-blog.com\/index.php?rest_route=%2Fwp%2Fv2%2Fcomments&post=34"}],"version-history":[{"count":13,"href":"https:\/\/it-news-blog.com\/index.php?rest_route=\/wp\/v2\/pages\/34\/revisions"}],"predecessor-version":[{"id":1863,"href":"https:\/\/it-news-blog.com\/index.php?rest_route=\/wp\/v2\/pages\/34\/revisions\/1863"}],"wp:attachment":[{"href":"https:\/\/it-news-blog.com\/index.php?rest_route=%2Fwp%2Fv2%2Fmedia&parent=34"}],"curies":[{"name":"wp","href":"https:\/\/api.w.org\/{rel}","templated":true}]}}