{"id":51,"date":"2010-10-17T02:59:19","date_gmt":"2010-10-17T00:59:19","guid":{"rendered":"http:\/\/it-news-blog.com\/?page_id=51"},"modified":"2024-10-21T12:44:51","modified_gmt":"2024-10-21T10:44:51","slug":"autoren","status":"publish","type":"page","link":"https:\/\/it-news-blog.com\/?page_id=51","title":{"rendered":"\u00dcber mich"},"content":{"rendered":"<p>[vc_row][vc_column][vc_empty_space height=&#8220;60&#8243;][vc_single_image image=&#8220;1420&#8243; img_size=&#8220;full&#8220;][vc_empty_space height=&#8220;40&#8243;][\/vc_column][\/vc_row][vc_row full_width=&#8220;stretch_row&#8220;][vc_column width=&#8220;1\/4&#8243;][vc_column_text]<\/p>\n<h3><span style=\"color: #066198;\">\u00dcBER MICH<\/span><\/h3>\n<p>[\/vc_column_text][\/vc_column][vc_column width=&#8220;1\/2&#8243;][vc_column_text]Sehr geehrte Leser,<\/p>\n<p>ich hab diesen Blog erstellt, da der IT-Alltag in den Firmen immer wieder neue und komplexe Fragestellungen aufwirft und die Verantwortlichen regelm\u00e4\u00dfig zun\u00e4chst \u00dcberfordert. Diese Blog soll helfen solche Fragen zu kl\u00e4ren und \u00fcber Neuerungen aus der IT informieren.<\/p>\n<p><strong>Zu meiner Person:<\/strong><br \/>\nIch bin Sachverst\u00e4ndiger f\u00fcr EDV-Systeme und Auditor f\u00fcr Datenschutz und IT-Security.<\/p>\n<p>In diesen und weiteren Spezialgebieten unterst\u00fctzt meine Gesellschaft, die tec4net GmbH Sie auch mit Mitarbeitern bei der Planung und Implementierung ben\u00f6tigter IT-Systeme und L\u00f6sungen.<\/p>\n<p><strong>Die Schwerpunkte meiner T\u00e4tigkeit liegen im Bereich<\/strong>:<br \/>\n&#8211; Auditierung (ISO 19011) | Risiko-Management (ISO 27005)<br \/>\n&#8211; IT-Sicherheit (ISO 27001 | TISAX | NIS-2 | PCI-DSS)<br \/>\n&#8211; Datenschutz (DSGVO | BDSG | LDSG | ISO 27018)<\/p>\n<p>In meiner Eigenschaft als EDV-Sachverst\u00e4ndiger erstelle ich Gutachten zu Sachverhalten aus dem IT-Bereich.<\/p>\n<p>Ich freue mich auf Anregungen und Kritik und hoffe das ich die Ihnen die IT-Welt etwas n\u00e4her bringen kann.<\/p>\n<p><strong>Ihr Autor:<\/strong><br \/>\nMatthias Walter, tec4net GmbH<br \/>\nEDV-Sachverst\u00e4ndiger und Datenschutzbeauftragter<\/p>\n<p><strong><br \/>\ntec4net Webseiten:<\/strong><br \/>\n<a href=\"http:\/\/www.tec4net.com\" target=\"_blank\" rel=\"noopener noreferrer\">http:\/\/www.tec4net.com<\/a><br \/>\n<a title=\"http:\/\/www.it-sachverstand.info\" href=\"http:\/\/www.it-sachverstand.info\" target=\"_blank\" rel=\"noopener noreferrer\">http:\/\/www.it-sachverstand.info <\/a><\/p>\n<p><strong>Weitere Webseiten:<br \/>\n<\/strong>Blog: <a title=\"http:\/\/www.it-news-blog.com\" href=\"http:\/\/www.it-news-blog.com\" target=\"_blank\" rel=\"noopener noreferrer\">http:\/\/www.it-news-blog.com<\/a><br \/>\nSelbstaudit: <a href=\"https:\/\/www.datenschutz-muenchen.com\">https:\/\/www.datenschutz-muenchen.com<\/a><br \/>\nNews: <a href=\"https:\/\/www.tec4net.com\/web\/category\/allgemein\">https:\/\/www.tec4net.com\/web\/category\/allgemein<\/a>[\/vc_column_text][\/vc_column][vc_column width=&#8220;1\/4&#8243;][vc_single_image image=&#8220;1470&#8243; img_size=&#8220;400&#215;400&#8243; alignment=&#8220;center&#8220;][\/vc_column][\/vc_row][vc_row full_width=&#8220;stretch_row&#8220; full_height=&#8220;yes&#8220; content_placement=&#8220;middle&#8220; css=&#8220;.vc_custom_1556539644759{background-position: center !important;background-repeat: no-repeat !important;background-size: cover !important;}&#8220;][vc_column width=&#8220;1\/4&#8243;][\/vc_column][vc_column width=&#8220;3\/4&#8243;][\/vc_column][\/vc_row][vc_row][vc_column][\/vc_column][\/vc_row]<\/p>\n","protected":false},"excerpt":{"rendered":"<p>[vc_row][vc_column][vc_empty_space height=&#8220;60&#8243;][vc_single_image image=&#8220;1420&#8243; img_size=&#8220;full&#8220;][vc_empty_space height=&#8220;40&#8243;][\/vc_column][\/vc_row][vc_row full_width=&#8220;stretch_row&#8220;][vc_column width=&#8220;1\/4&#8243;][vc_column_text] \u00dcBER MICH [\/vc_column_text][\/vc_column][vc_column width=&#8220;1\/2&#8243;][vc_column_text]Sehr geehrte Leser, ich hab diesen Blog erstellt, da der IT-Alltag in den Firmen immer wieder neue und komplexe Fragestellungen aufwirft und die Verantwortlichen regelm\u00e4\u00dfig zun\u00e4chst \u00dcberfordert. Diese Blog soll helfen solche Fragen zu kl\u00e4ren und \u00fcber Neuerungen aus der [&hellip;]<\/p>\n","protected":false},"author":1,"featured_media":0,"parent":0,"menu_order":0,"comment_status":"closed","ping_status":"open","template":"","meta":[],"yoast_head":"<!-- This site is optimized with the Yoast SEO plugin v21.7 - https:\/\/yoast.com\/wordpress\/plugins\/seo\/ -->\n<title>\u00dcber mich - IT-NEWS-BLOG<\/title>\n<meta name=\"robots\" content=\"index, follow, max-snippet:-1, max-image-preview:large, max-video-preview:-1\" \/>\n<link rel=\"canonical\" href=\"https:\/\/it-news-blog.com\/?page_id=51\" \/>\n<meta property=\"og:locale\" content=\"de_DE\" \/>\n<meta property=\"og:type\" content=\"article\" \/>\n<meta property=\"og:title\" content=\"\u00dcber mich - IT-NEWS-BLOG\" \/>\n<meta property=\"og:description\" content=\"[vc_row][vc_column][vc_empty_space height=&#8220;60&#8243;][vc_single_image image=&#8220;1420&#8243; img_size=&#8220;full&#8220;][vc_empty_space height=&#8220;40&#8243;][\/vc_column][\/vc_row][vc_row full_width=&#8220;stretch_row&#8220;][vc_column width=&#8220;1\/4&#8243;][vc_column_text] \u00dcBER MICH [\/vc_column_text][\/vc_column][vc_column width=&#8220;1\/2&#8243;][vc_column_text]Sehr geehrte Leser, ich hab diesen Blog erstellt, da der IT-Alltag in den Firmen immer wieder neue und komplexe Fragestellungen aufwirft und die Verantwortlichen regelm\u00e4\u00dfig zun\u00e4chst \u00dcberfordert. Diese Blog soll helfen solche Fragen zu kl\u00e4ren und \u00fcber Neuerungen aus der [&hellip;]\" \/>\n<meta property=\"og:url\" content=\"https:\/\/it-news-blog.com\/?page_id=51\" \/>\n<meta property=\"og:site_name\" content=\"IT-NEWS-BLOG\" \/>\n<meta property=\"article:modified_time\" content=\"2024-10-21T10:44:51+00:00\" \/>\n<meta name=\"twitter:card\" content=\"summary_large_image\" \/>\n<meta name=\"twitter:label1\" content=\"Gesch\u00e4tzte Lesezeit\" \/>\n\t<meta name=\"twitter:data1\" content=\"2\u00a0Minuten\" \/>\n<script type=\"application\/ld+json\" class=\"yoast-schema-graph\">{\"@context\":\"https:\/\/schema.org\",\"@graph\":[{\"@type\":\"WebPage\",\"@id\":\"https:\/\/it-news-blog.com\/?page_id=51\",\"url\":\"https:\/\/it-news-blog.com\/?page_id=51\",\"name\":\"\u00dcber mich - IT-NEWS-BLOG\",\"isPartOf\":{\"@id\":\"https:\/\/it-news-blog.com\/#website\"},\"datePublished\":\"2010-10-17T00:59:19+00:00\",\"dateModified\":\"2024-10-21T10:44:51+00:00\",\"breadcrumb\":{\"@id\":\"https:\/\/it-news-blog.com\/?page_id=51#breadcrumb\"},\"inLanguage\":\"de\",\"potentialAction\":[{\"@type\":\"ReadAction\",\"target\":[\"https:\/\/it-news-blog.com\/?page_id=51\"]}]},{\"@type\":\"BreadcrumbList\",\"@id\":\"https:\/\/it-news-blog.com\/?page_id=51#breadcrumb\",\"itemListElement\":[{\"@type\":\"ListItem\",\"position\":1,\"name\":\"Startseite\",\"item\":\"https:\/\/it-news-blog.com\/\"},{\"@type\":\"ListItem\",\"position\":2,\"name\":\"\u00dcber mich\"}]},{\"@type\":\"WebSite\",\"@id\":\"https:\/\/it-news-blog.com\/#website\",\"url\":\"https:\/\/it-news-blog.com\/\",\"name\":\"IT-NEWS-BLOG\",\"description\":\"Ein Service der tec4net GmbH\",\"potentialAction\":[{\"@type\":\"SearchAction\",\"target\":{\"@type\":\"EntryPoint\",\"urlTemplate\":\"https:\/\/it-news-blog.com\/?s={search_term_string}\"},\"query-input\":\"required name=search_term_string\"}],\"inLanguage\":\"de\"}]}<\/script>\n<!-- \/ Yoast SEO plugin. -->","yoast_head_json":{"title":"\u00dcber mich - IT-NEWS-BLOG","robots":{"index":"index","follow":"follow","max-snippet":"max-snippet:-1","max-image-preview":"max-image-preview:large","max-video-preview":"max-video-preview:-1"},"canonical":"https:\/\/it-news-blog.com\/?page_id=51","og_locale":"de_DE","og_type":"article","og_title":"\u00dcber mich - IT-NEWS-BLOG","og_description":"[vc_row][vc_column][vc_empty_space height=&#8220;60&#8243;][vc_single_image image=&#8220;1420&#8243; img_size=&#8220;full&#8220;][vc_empty_space height=&#8220;40&#8243;][\/vc_column][\/vc_row][vc_row full_width=&#8220;stretch_row&#8220;][vc_column width=&#8220;1\/4&#8243;][vc_column_text] \u00dcBER MICH [\/vc_column_text][\/vc_column][vc_column width=&#8220;1\/2&#8243;][vc_column_text]Sehr geehrte Leser, ich hab diesen Blog erstellt, da der IT-Alltag in den Firmen immer wieder neue und komplexe Fragestellungen aufwirft und die Verantwortlichen regelm\u00e4\u00dfig zun\u00e4chst \u00dcberfordert. Diese Blog soll helfen solche Fragen zu kl\u00e4ren und \u00fcber Neuerungen aus der [&hellip;]","og_url":"https:\/\/it-news-blog.com\/?page_id=51","og_site_name":"IT-NEWS-BLOG","article_modified_time":"2024-10-21T10:44:51+00:00","twitter_card":"summary_large_image","twitter_misc":{"Gesch\u00e4tzte Lesezeit":"2\u00a0Minuten"},"schema":{"@context":"https:\/\/schema.org","@graph":[{"@type":"WebPage","@id":"https:\/\/it-news-blog.com\/?page_id=51","url":"https:\/\/it-news-blog.com\/?page_id=51","name":"\u00dcber mich - IT-NEWS-BLOG","isPartOf":{"@id":"https:\/\/it-news-blog.com\/#website"},"datePublished":"2010-10-17T00:59:19+00:00","dateModified":"2024-10-21T10:44:51+00:00","breadcrumb":{"@id":"https:\/\/it-news-blog.com\/?page_id=51#breadcrumb"},"inLanguage":"de","potentialAction":[{"@type":"ReadAction","target":["https:\/\/it-news-blog.com\/?page_id=51"]}]},{"@type":"BreadcrumbList","@id":"https:\/\/it-news-blog.com\/?page_id=51#breadcrumb","itemListElement":[{"@type":"ListItem","position":1,"name":"Startseite","item":"https:\/\/it-news-blog.com\/"},{"@type":"ListItem","position":2,"name":"\u00dcber mich"}]},{"@type":"WebSite","@id":"https:\/\/it-news-blog.com\/#website","url":"https:\/\/it-news-blog.com\/","name":"IT-NEWS-BLOG","description":"Ein Service der tec4net GmbH","potentialAction":[{"@type":"SearchAction","target":{"@type":"EntryPoint","urlTemplate":"https:\/\/it-news-blog.com\/?s={search_term_string}"},"query-input":"required name=search_term_string"}],"inLanguage":"de"}]}},"_links":{"self":[{"href":"https:\/\/it-news-blog.com\/index.php?rest_route=\/wp\/v2\/pages\/51"}],"collection":[{"href":"https:\/\/it-news-blog.com\/index.php?rest_route=\/wp\/v2\/pages"}],"about":[{"href":"https:\/\/it-news-blog.com\/index.php?rest_route=\/wp\/v2\/types\/page"}],"author":[{"embeddable":true,"href":"https:\/\/it-news-blog.com\/index.php?rest_route=\/wp\/v2\/users\/1"}],"replies":[{"embeddable":true,"href":"https:\/\/it-news-blog.com\/index.php?rest_route=%2Fwp%2Fv2%2Fcomments&post=51"}],"version-history":[{"count":48,"href":"https:\/\/it-news-blog.com\/index.php?rest_route=\/wp\/v2\/pages\/51\/revisions"}],"predecessor-version":[{"id":2497,"href":"https:\/\/it-news-blog.com\/index.php?rest_route=\/wp\/v2\/pages\/51\/revisions\/2497"}],"wp:attachment":[{"href":"https:\/\/it-news-blog.com\/index.php?rest_route=%2Fwp%2Fv2%2Fmedia&parent=51"}],"curies":[{"name":"wp","href":"https:\/\/api.w.org\/{rel}","templated":true}]}}